{"id":671,"date":"2024-11-24T15:28:15","date_gmt":"2024-11-24T15:28:15","guid":{"rendered":"https:\/\/monikaostrava.cz\/?page_id=671"},"modified":"2024-11-24T17:09:45","modified_gmt":"2024-11-24T17:09:45","slug":"hlavni","status":"publish","type":"page","link":"https:\/\/monikaostrava.cz\/index.php\/hlavni\/","title":{"rendered":"Hlavni"},"content":{"rendered":"\t\t<div data-elementor-type=\"wp-page\" data-elementor-id=\"671\" class=\"elementor elementor-671\">\n\t\t\t\t\t\t<section class=\"elementor-section elementor-top-section elementor-element elementor-element-3c3759e9 elementor-section-full_width elementor-section-height-default elementor-section-height-default\" data-id=\"3c3759e9\" data-element_type=\"section\" data-settings=\"{&quot;background_background&quot;:&quot;classic&quot;}\">\n\t\t\t\t\t\t\t<div class=\"elementor-background-overlay\"><\/div>\n\t\t\t\t\t\t\t<div class=\"elementor-container elementor-column-gap-no\">\n\t\t\t\t\t<div class=\"elementor-column elementor-col-100 elementor-top-column elementor-element elementor-element-129e91ad\" data-id=\"129e91ad\" data-element_type=\"column\">\n\t\t\t<div class=\"elementor-widget-wrap elementor-element-populated\">\n\t\t\t\t\t\t<div class=\"elementor-element elementor-element-55722cf1 elementor-widget elementor-widget-image\" data-id=\"55722cf1\" data-element_type=\"widget\" data-widget_type=\"image.default\">\n\t\t\t\t<div class=\"elementor-widget-container\">\n\t\t\t\t\t\t\t\t\t\t\t\t\t<img fetchpriority=\"high\" decoding=\"async\" width=\"1024\" height=\"225\" src=\"https:\/\/monikaostrava.cz\/wp-content\/uploads\/2023\/03\/8.jpg\" class=\"attachment-2048x2048 size-2048x2048 wp-image-9\" alt=\"\" srcset=\"https:\/\/monikaostrava.cz\/wp-content\/uploads\/2023\/03\/8.jpg 1024w, https:\/\/monikaostrava.cz\/wp-content\/uploads\/2023\/03\/8-300x66.jpg 300w, https:\/\/monikaostrava.cz\/wp-content\/uploads\/2023\/03\/8-768x169.jpg 768w\" sizes=\"(max-width: 1024px) 100vw, 1024px\" \/>\t\t\t\t\t\t\t\t\t\t\t\t\t<\/div>\n\t\t\t\t<\/div>\n\t\t\t\t<section class=\"elementor-section elementor-inner-section elementor-element elementor-element-5692d390 elementor-section-boxed elementor-section-height-default elementor-section-height-default\" data-id=\"5692d390\" data-element_type=\"section\">\n\t\t\t\t\t\t<div class=\"elementor-container elementor-column-gap-default\">\n\t\t\t\t\t<div class=\"elementor-column elementor-col-100 elementor-inner-column elementor-element elementor-element-7b71eb28\" data-id=\"7b71eb28\" data-element_type=\"column\">\n\t\t\t<div class=\"elementor-widget-wrap elementor-element-populated\">\n\t\t\t\t\t\t<div class=\"elementor-element elementor-element-7cdab3e8 elementor-widget elementor-widget-heading\" data-id=\"7cdab3e8\" data-element_type=\"widget\" data-widget_type=\"heading.default\">\n\t\t\t\t<div class=\"elementor-widget-container\">\n\t\t\t<h2 class=\"elementor-heading-title elementor-size-default\">Kr\u00e1sa na prvn\u00edm m\u00edst\u011b<\/h2>\t\t<\/div>\n\t\t\t\t<\/div>\n\t\t\t\t<div class=\"elementor-element elementor-element-f89a74f elementor-widget elementor-widget-spacer\" data-id=\"f89a74f\" data-element_type=\"widget\" data-widget_type=\"spacer.default\">\n\t\t\t\t<div class=\"elementor-widget-container\">\n\t\t\t\t\t<div class=\"elementor-spacer\">\n\t\t\t<div class=\"elementor-spacer-inner\"><\/div>\n\t\t<\/div>\n\t\t\t\t<\/div>\n\t\t\t\t<\/div>\n\t\t\t\t\t<\/div>\n\t\t<\/div>\n\t\t\t\t\t<\/div>\n\t\t<\/section>\n\t\t\t\t<div class=\"elementor-element elementor-element-6a6600a0 elementor-widget elementor-widget-text-editor\" data-id=\"6a6600a0\" data-element_type=\"widget\" data-widget_type=\"text-editor.default\">\n\t\t\t\t<div class=\"elementor-widget-container\">\n\t\t\t\t\t\t\t<p>Individu\u00e1ln\u00ed p\u0159\u00edstup k z\u00e1kazn\u00edk\u016fm, P\u0159\u00edjemn\u00e9 a uklid\u0148uj\u00edc\u00ed prost\u0159ed\u00ed, Dobr\u00e1 dopravn\u00ed dostupnost kade\u0159nictv\u00ed<\/p>\t\t\t\t\t\t<\/div>\n\t\t\t\t<\/div>\n\t\t\t\t<div class=\"elementor-element elementor-element-2afb9bc8 elementor-widget elementor-widget-spacer\" data-id=\"2afb9bc8\" data-element_type=\"widget\" data-widget_type=\"spacer.default\">\n\t\t\t\t<div class=\"elementor-widget-container\">\n\t\t\t\t\t<div class=\"elementor-spacer\">\n\t\t\t<div class=\"elementor-spacer-inner\"><\/div>\n\t\t<\/div>\n\t\t\t\t<\/div>\n\t\t\t\t<\/div>\n\t\t\t\t\t<\/div>\n\t\t<\/div>\n\t\t\t\t\t<\/div>\n\t\t<\/section>\n\t\t\t\t<section class=\"elementor-section elementor-top-section elementor-element elementor-element-7e739f0 elementor-section-boxed elementor-section-height-default elementor-section-height-default\" data-id=\"7e739f0\" data-element_type=\"section\" data-settings=\"{&quot;background_background&quot;:&quot;classic&quot;}\">\n\t\t\t\t\t\t<div class=\"elementor-container elementor-column-gap-extended\">\n\t\t\t\t\t<div class=\"elementor-column elementor-col-50 elementor-top-column elementor-element elementor-element-f384922\" data-id=\"f384922\" data-element_type=\"column\">\n\t\t\t<div class=\"elementor-widget-wrap elementor-element-populated\">\n\t\t\t\t\t\t<div class=\"elementor-element elementor-element-9dd20ad elementor-widget elementor-widget-text-editor\" data-id=\"9dd20ad\" data-element_type=\"widget\" data-widget_type=\"text-editor.default\">\n\t\t\t\t<div class=\"elementor-widget-container\">\n\t\t\t\t\t\t\t<h2 class=\"elementor-heading-title elementor-size-default\">Dobr\u00fd den, jmenuji se MONIKA a v\u00edt\u00e1m V\u00e1s ve sv\u00e9m &#8222;Kade\u0159nictv\u00ed MONI.&#8220;<\/h2>\t\t\t\t\t\t<\/div>\n\t\t\t\t<\/div>\n\t\t\t\t\t<\/div>\n\t\t<\/div>\n\t\t\t\t<div class=\"elementor-column elementor-col-50 elementor-top-column elementor-element elementor-element-b8b8ed0\" data-id=\"b8b8ed0\" data-element_type=\"column\">\n\t\t\t<div class=\"elementor-widget-wrap\">\n\t\t\t\t\t\t\t<\/div>\n\t\t<\/div>\n\t\t\t\t\t<\/div>\n\t\t<\/section>\n\t\t\t\t<\/div>\n\t\t","protected":false},"excerpt":{"rendered":"<p>Kr\u00e1sa na prvn\u00edm m\u00edst\u011b Individu\u00e1ln\u00ed p\u0159\u00edstup k z\u00e1kazn\u00edk\u016fm, P\u0159\u00edjemn\u00e9 a uklid\u0148uj\u00edc\u00ed prost\u0159ed\u00ed, Dobr\u00e1 dopravn\u00ed dostupnost kade\u0159nictv\u00ed Dobr\u00fd den, jmenuji se MONIKA a v\u00edt\u00e1m V\u00e1s ve sv\u00e9m &#8222;Kade\u0159nictv\u00ed MONI.&#8220;<\/p>\n","protected":false},"author":1,"featured_media":0,"parent":0,"menu_order":0,"comment_status":"closed","ping_status":"closed","template":"","meta":{"ocean_post_layout":"full-screen","ocean_both_sidebars_style":"","ocean_both_sidebars_content_width":0,"ocean_both_sidebars_sidebars_width":0,"ocean_sidebar":"","ocean_second_sidebar":"","ocean_disable_margins":"enable","ocean_add_body_class":"","ocean_shortcode_before_top_bar":"","ocean_shortcode_after_top_bar":"","ocean_shortcode_before_header":"","ocean_shortcode_after_header":"","ocean_has_shortcode":"","ocean_shortcode_after_title":"","ocean_shortcode_before_footer_widgets":"","ocean_shortcode_after_footer_widgets":"","ocean_shortcode_before_footer_bottom":"","ocean_shortcode_after_footer_bottom":"","ocean_display_top_bar":"off","ocean_display_header":"default","ocean_header_style":"","ocean_center_header_left_menu":"","ocean_custom_header_template":"","ocean_custom_logo":0,"ocean_custom_retina_logo":0,"ocean_custom_logo_max_width":0,"ocean_custom_logo_tablet_max_width":0,"ocean_custom_logo_mobile_max_width":0,"ocean_custom_logo_max_height":0,"ocean_custom_logo_tablet_max_height":0,"ocean_custom_logo_mobile_max_height":0,"ocean_header_custom_menu":"","ocean_menu_typo_font_family":"","ocean_menu_typo_font_subset":"","ocean_menu_typo_font_size":0,"ocean_menu_typo_font_size_tablet":0,"ocean_menu_typo_font_size_mobile":0,"ocean_menu_typo_font_size_unit":"px","ocean_menu_typo_font_weight":"","ocean_menu_typo_font_weight_tablet":"","ocean_menu_typo_font_weight_mobile":"","ocean_menu_typo_transform":"","ocean_menu_typo_transform_tablet":"","ocean_menu_typo_transform_mobile":"","ocean_menu_typo_line_height":0,"ocean_menu_typo_line_height_tablet":0,"ocean_menu_typo_line_height_mobile":0,"ocean_menu_typo_line_height_unit":"","ocean_menu_typo_spacing":0,"ocean_menu_typo_spacing_tablet":0,"ocean_menu_typo_spacing_mobile":0,"ocean_menu_typo_spacing_unit":"","ocean_menu_link_color":"","ocean_menu_link_color_hover":"","ocean_menu_link_color_active":"","ocean_menu_link_background":"","ocean_menu_link_hover_background":"","ocean_menu_link_active_background":"","ocean_menu_social_links_bg":"","ocean_menu_social_hover_links_bg":"","ocean_menu_social_links_color":"","ocean_menu_social_hover_links_color":"","ocean_disable_title":"on","ocean_disable_heading":"default","ocean_post_title":"","ocean_post_subheading":"","ocean_post_title_style":"","ocean_post_title_background_color":"","ocean_post_title_background":0,"ocean_post_title_bg_image_position":"","ocean_post_title_bg_image_attachment":"","ocean_post_title_bg_image_repeat":"","ocean_post_title_bg_image_size":"","ocean_post_title_height":0,"ocean_post_title_bg_overlay":0.5,"ocean_post_title_bg_overlay_color":"","ocean_disable_breadcrumbs":"default","ocean_breadcrumbs_color":"","ocean_breadcrumbs_separator_color":"","ocean_breadcrumbs_links_color":"","ocean_breadcrumbs_links_hover_color":"","ocean_display_footer_widgets":"off","ocean_display_footer_bottom":"off","ocean_custom_footer_template":"","iawp_total_views":7,"footnotes":""},"class_list":["post-671","page","type-page","status-publish","hentry","entry"],"_links":{"self":[{"href":"https:\/\/monikaostrava.cz\/index.php\/wp-json\/wp\/v2\/pages\/671"}],"collection":[{"href":"https:\/\/monikaostrava.cz\/index.php\/wp-json\/wp\/v2\/pages"}],"about":[{"href":"https:\/\/monikaostrava.cz\/index.php\/wp-json\/wp\/v2\/types\/page"}],"author":[{"embeddable":true,"href":"https:\/\/monikaostrava.cz\/index.php\/wp-json\/wp\/v2\/users\/1"}],"replies":[{"embeddable":true,"href":"https:\/\/monikaostrava.cz\/index.php\/wp-json\/wp\/v2\/comments?post=671"}],"version-history":[{"count":37,"href":"https:\/\/monikaostrava.cz\/index.php\/wp-json\/wp\/v2\/pages\/671\/revisions"}],"predecessor-version":[{"id":713,"href":"https:\/\/monikaostrava.cz\/index.php\/wp-json\/wp\/v2\/pages\/671\/revisions\/713"}],"wp:attachment":[{"href":"https:\/\/monikaostrava.cz\/index.php\/wp-json\/wp\/v2\/media?parent=671"}],"curies":[{"name":"wp","href":"https:\/\/api.w.org\/{rel}","templated":true}]}}